{"id":1631,"date":"2023-05-16T19:09:53","date_gmt":"2023-05-16T17:09:53","guid":{"rendered":"https:\/\/julmaroh.com\/?page_id=1631"},"modified":"2023-05-23T08:01:05","modified_gmt":"2023-05-23T06:01:05","slug":"news","status":"publish","type":"page","link":"https:\/\/julmaroh.com\/en\/news\/","title":{"rendered":"news"},"content":{"rendered":"<div data-elementor-type=\"wp-page\" data-elementor-id=\"1631\" class=\"elementor elementor-1631\" data-elementor-post-type=\"page\">\n\t\t\t\t<div class=\"elementor-element elementor-element-e76a059 e-flex e-con-boxed e-con e-parent\" data-id=\"e76a059\" data-element_type=\"container\" data-e-type=\"container\">\n\t\t\t\t\t<div class=\"e-con-inner\">\n\t\t<div class=\"elementor-element elementor-element-41ae642 e-flex e-con-boxed e-con e-child\" data-id=\"41ae642\" data-element_type=\"container\" data-e-type=\"container\">\n\t\t\t\t\t<div class=\"e-con-inner\">\n\t\t\t\t<div class=\"elementor-element elementor-element-f4293c1 elementor-widget elementor-widget-heading\" data-id=\"f4293c1\" data-element_type=\"widget\" data-e-type=\"widget\" data-widget_type=\"heading.default\">\n\t\t\t\t<div class=\"elementor-widget-container\">\n\t\t\t\t\t<h2 class=\"elementor-heading-title elementor-size-default\">news<\/h2>\t\t\t\t<\/div>\n\t\t\t\t<\/div>\n\t\t\t\t<div class=\"elementor-element elementor-element-6013177 elementor-grid-1 elementor-posts--thumbnail-left elementor-grid-tablet-2 elementor-grid-mobile-1 elementor-invisible elementor-widget elementor-widget-posts\" data-id=\"6013177\" data-element_type=\"widget\" data-e-type=\"widget\" data-settings=\"{&quot;classic_columns&quot;:&quot;1&quot;,&quot;pagination_type&quot;:&quot;load_more_infinite_scroll&quot;,&quot;_animation&quot;:&quot;fadeInUp&quot;,&quot;classic_columns_tablet&quot;:&quot;2&quot;,&quot;classic_columns_mobile&quot;:&quot;1&quot;,&quot;classic_row_gap&quot;:{&quot;unit&quot;:&quot;px&quot;,&quot;size&quot;:35,&quot;sizes&quot;:[]},&quot;classic_row_gap_tablet&quot;:{&quot;unit&quot;:&quot;px&quot;,&quot;size&quot;:&quot;&quot;,&quot;sizes&quot;:[]},&quot;classic_row_gap_mobile&quot;:{&quot;unit&quot;:&quot;px&quot;,&quot;size&quot;:&quot;&quot;,&quot;sizes&quot;:[]},&quot;load_more_spinner&quot;:{&quot;value&quot;:&quot;fas fa-spinner&quot;,&quot;library&quot;:&quot;fa-solid&quot;}}\" data-widget_type=\"posts.classic\">\n\t\t\t\t<div class=\"elementor-widget-container\">\n\t\t\t\t\t\t\t<div class=\"elementor-posts-container elementor-posts elementor-posts--skin-classic elementor-grid\" role=\"list\">\n\t\t\t\t<article class=\"elementor-post elementor-grid-item post-3050 post type-post status-publish format-standard has-post-thumbnail hentry category-news\" role=\"listitem\">\n\t\t\t\t<a class=\"elementor-post__thumbnail__link\" href=\"https:\/\/julmaroh.com\/en\/why-are-queer-people-so-mean-to-each-other\/\" tabindex=\"-1\" >\n\t\t\t<div class=\"elementor-post__thumbnail\"><img fetchpriority=\"high\" decoding=\"async\" width=\"340\" height=\"392\" src=\"https:\/\/julmaroh.com\/wp-content\/uploads\/2026\/03\/Khai-Cheng-Thom-Headshot-e1758205722105.jpg\" class=\"attachment-large size-large wp-image-3051\" alt=\"\" srcset=\"https:\/\/julmaroh.com\/wp-content\/uploads\/2026\/03\/Khai-Cheng-Thom-Headshot-e1758205722105.jpg 340w, https:\/\/julmaroh.com\/wp-content\/uploads\/2026\/03\/Khai-Cheng-Thom-Headshot-e1758205722105-260x300.jpg 260w, https:\/\/julmaroh.com\/wp-content\/uploads\/2026\/03\/Khai-Cheng-Thom-Headshot-e1758205722105-10x12.jpg 10w\" sizes=\"(max-width: 340px) 100vw, 340px\" \/><\/div>\n\t\t<\/a>\n\t\t\t\t<div class=\"elementor-post__text\">\n\t\t\t\t<h3 class=\"elementor-post__title\">\n\t\t\t<a href=\"https:\/\/julmaroh.com\/en\/why-are-queer-people-so-mean-to-each-other\/\" >\n\t\t\t\tWhy are queer people so mean to each other?\t\t\t<\/a>\n\t\t<\/h3>\n\t\t\t\t<div class=\"elementor-post__meta-data\">\n\t\t\t\t\t<span class=\"elementor-post-date\">\n\t\t\t24 March 2026\t\t<\/span>\n\t\t\t\t<\/div>\n\t\t\t\t<div class=\"elementor-post__excerpt\">\n\t\t\t<p>[Ce texte est une traduction personnelle de l&rsquo;article \u00ab\u00a0Why are queer people so mean to each other?\u00a0\u00bb de Kai Cheng<\/p>\n\t\t<\/div>\n\t\t\n\t\t<a class=\"elementor-post__read-more\" href=\"https:\/\/julmaroh.com\/en\/why-are-queer-people-so-mean-to-each-other\/\" aria-label=\"Read more about Why are queer people so mean to each other?\" tabindex=\"-1\" >\n\t\t\tLire la suite \u00bb\t\t<\/a>\n\n\t\t\t\t<\/div>\n\t\t\t\t<\/article>\n\t\t\t\t<article class=\"elementor-post elementor-grid-item post-3018 post type-post status-publish format-standard has-post-thumbnail hentry category-news\" role=\"listitem\">\n\t\t\t\t<a class=\"elementor-post__thumbnail__link\" href=\"https:\/\/julmaroh.com\/en\/pourquoi-nous-boycotterons-amplement-le-festival-dangouleme-2026\/\" tabindex=\"-1\" >\n\t\t\t<div class=\"elementor-post__thumbnail\"><img decoding=\"async\" width=\"500\" height=\"500\" src=\"https:\/\/julmaroh.com\/wp-content\/uploads\/2025\/11\/NoFIBD2026-noir.png\" class=\"attachment-large size-large wp-image-3019\" alt=\"\" srcset=\"https:\/\/julmaroh.com\/wp-content\/uploads\/2025\/11\/NoFIBD2026-noir.png 500w, https:\/\/julmaroh.com\/wp-content\/uploads\/2025\/11\/NoFIBD2026-noir-300x300.png 300w, https:\/\/julmaroh.com\/wp-content\/uploads\/2025\/11\/NoFIBD2026-noir-150x150.png 150w, https:\/\/julmaroh.com\/wp-content\/uploads\/2025\/11\/NoFIBD2026-noir-12x12.png 12w, https:\/\/julmaroh.com\/wp-content\/uploads\/2025\/11\/NoFIBD2026-noir-100x100.png 100w\" sizes=\"(max-width: 500px) 100vw, 500px\" \/><\/div>\n\t\t<\/a>\n\t\t\t\t<div class=\"elementor-post__text\">\n\t\t\t\t<h3 class=\"elementor-post__title\">\n\t\t\t<a href=\"https:\/\/julmaroh.com\/en\/pourquoi-nous-boycotterons-amplement-le-festival-dangouleme-2026\/\" >\n\t\t\t\tPourquoi nous boycotterons amplement le Festival d&rsquo;Angoul\u00eame 2026\t\t\t<\/a>\n\t\t<\/h3>\n\t\t\t\t<div class=\"elementor-post__meta-data\">\n\t\t\t\t\t<span class=\"elementor-post-date\">\n\t\t\t8 November 2025\t\t<\/span>\n\t\t\t\t<\/div>\n\t\t\t\t<div class=\"elementor-post__excerpt\">\n\t\t\t<p>Au printemps les auteurices de notre milieu avaient esp\u00e9r\u00e9 que l\u2019association du FIBD \u00e9tait enfin revenue \u00e0 la raison en<\/p>\n\t\t<\/div>\n\t\t\n\t\t<a class=\"elementor-post__read-more\" href=\"https:\/\/julmaroh.com\/en\/pourquoi-nous-boycotterons-amplement-le-festival-dangouleme-2026\/\" aria-label=\"Read more about Pourquoi nous boycotterons amplement le Festival d&rsquo;Angoul\u00eame 2026\" tabindex=\"-1\" >\n\t\t\tLire la suite \u00bb\t\t<\/a>\n\n\t\t\t\t<\/div>\n\t\t\t\t<\/article>\n\t\t\t\t<article class=\"elementor-post elementor-grid-item post-3010 post type-post status-publish format-standard has-post-thumbnail hentry category-news\" role=\"listitem\">\n\t\t\t\t<a class=\"elementor-post__thumbnail__link\" href=\"https:\/\/julmaroh.com\/en\/3010-2\/\" tabindex=\"-1\" >\n\t\t\t<div class=\"elementor-post__thumbnail\"><img decoding=\"async\" width=\"800\" height=\"878\" src=\"https:\/\/julmaroh.com\/wp-content\/uploads\/2025\/10\/3Dcouv_Jul-Maroh-933x1024.jpg\" class=\"attachment-large size-large wp-image-3011\" alt=\"\" srcset=\"https:\/\/julmaroh.com\/wp-content\/uploads\/2025\/10\/3Dcouv_Jul-Maroh-933x1024.jpg 933w, https:\/\/julmaroh.com\/wp-content\/uploads\/2025\/10\/3Dcouv_Jul-Maroh-273x300.jpg 273w, https:\/\/julmaroh.com\/wp-content\/uploads\/2025\/10\/3Dcouv_Jul-Maroh-768x843.jpg 768w, https:\/\/julmaroh.com\/wp-content\/uploads\/2025\/10\/3Dcouv_Jul-Maroh-11x12.jpg 11w, https:\/\/julmaroh.com\/wp-content\/uploads\/2025\/10\/3Dcouv_Jul-Maroh-600x659.jpg 600w, https:\/\/julmaroh.com\/wp-content\/uploads\/2025\/10\/3Dcouv_Jul-Maroh.jpg 1214w\" sizes=\"(max-width: 800px) 100vw, 800px\" \/><\/div>\n\t\t<\/a>\n\t\t\t\t<div class=\"elementor-post__text\">\n\t\t\t\t<h3 class=\"elementor-post__title\">\n\t\t\t<a href=\"https:\/\/julmaroh.com\/en\/3010-2\/\" >\n\t\t\t\tLa Maupin chez Editions Exemplaire\t\t\t<\/a>\n\t\t<\/h3>\n\t\t\t\t<div class=\"elementor-post__meta-data\">\n\t\t\t\t\t<span class=\"elementor-post-date\">\n\t\t\t21 October 2025\t\t<\/span>\n\t\t\t\t<\/div>\n\t\t\t\t<div class=\"elementor-post__excerpt\">\n\t\t\t<p>\u00c7A Y EST. \u00c7a y est, apr\u00e8s en avoir r\u00eav\u00e9 pendant 10 ans, ma bande dessin\u00e9e sur la vie et<\/p>\n\t\t<\/div>\n\t\t\n\t\t<a class=\"elementor-post__read-more\" href=\"https:\/\/julmaroh.com\/en\/3010-2\/\" aria-label=\"Read more about La Maupin chez Editions Exemplaire\" tabindex=\"-1\" >\n\t\t\tLire la suite \u00bb\t\t<\/a>\n\n\t\t\t\t<\/div>\n\t\t\t\t<\/article>\n\t\t\t\t<article class=\"elementor-post elementor-grid-item post-2948 post type-post status-publish format-standard has-post-thumbnail hentry category-news\" role=\"listitem\">\n\t\t\t\t<a class=\"elementor-post__thumbnail__link\" href=\"https:\/\/julmaroh.com\/en\/la-negociation-de-la-grenouille\/\" tabindex=\"-1\" >\n\t\t\t<div class=\"elementor-post__thumbnail\"><img loading=\"lazy\" decoding=\"async\" width=\"800\" height=\"961\" src=\"https:\/\/julmaroh.com\/wp-content\/uploads\/2025\/09\/grenouille-bollore2.jpg\" class=\"attachment-large size-large wp-image-2959\" alt=\"\" srcset=\"https:\/\/julmaroh.com\/wp-content\/uploads\/2025\/09\/grenouille-bollore2.jpg 800w, https:\/\/julmaroh.com\/wp-content\/uploads\/2025\/09\/grenouille-bollore2-250x300.jpg 250w, https:\/\/julmaroh.com\/wp-content\/uploads\/2025\/09\/grenouille-bollore2-768x923.jpg 768w, https:\/\/julmaroh.com\/wp-content\/uploads\/2025\/09\/grenouille-bollore2-10x12.jpg 10w, https:\/\/julmaroh.com\/wp-content\/uploads\/2025\/09\/grenouille-bollore2-600x721.jpg 600w\" sizes=\"(max-width: 800px) 100vw, 800px\" \/><\/div>\n\t\t<\/a>\n\t\t\t\t<div class=\"elementor-post__text\">\n\t\t\t\t<h3 class=\"elementor-post__title\">\n\t\t\t<a href=\"https:\/\/julmaroh.com\/en\/la-negociation-de-la-grenouille\/\" >\n\t\t\t\tLa n\u00e9gociation de la grenouille\t\t\t<\/a>\n\t\t<\/h3>\n\t\t\t\t<div class=\"elementor-post__meta-data\">\n\t\t\t\t\t<span class=\"elementor-post-date\">\n\t\t\t29 September 2025\t\t<\/span>\n\t\t\t\t<\/div>\n\t\t\t\t<div class=\"elementor-post__excerpt\">\n\t\t\t<p>Dans mes rencontres, que ce soit \u00e0 une teuf ou un d\u00e9placement pro, il arrive parfois que des gens aient<\/p>\n\t\t<\/div>\n\t\t\n\t\t<a class=\"elementor-post__read-more\" href=\"https:\/\/julmaroh.com\/en\/la-negociation-de-la-grenouille\/\" aria-label=\"Read more about La n\u00e9gociation de la grenouille\" tabindex=\"-1\" >\n\t\t\tLire la suite \u00bb\t\t<\/a>\n\n\t\t\t\t<\/div>\n\t\t\t\t<\/article>\n\t\t\t\t<\/div>\n\t\t\t\t\t<span class=\"e-load-more-spinner\">\n\t\t\t\t<i aria-hidden=\"true\" class=\"fas fa-spinner\"><\/i>\t\t\t<\/span>\n\t\t\n\t\t\t\t<div class=\"e-load-more-anchor\" data-page=\"1\" data-max-page=\"4\" data-next-page=\"https:\/\/julmaroh.com\/en\/wp-json\/wp\/v2\/pages\/1631\/page\/2\/\"><\/div>\n\t\t\t\t<div class=\"e-load-more-message\"><\/div>\n\t\t\t\t\t\t<\/div>\n\t\t\t\t<\/div>\n\t\t\t\t\t<\/div>\n\t\t\t\t<\/div>\n\t\t\t\t\t<\/div>\n\t\t\t\t<\/div>\n\t\t\t\t<\/div>","protected":false},"excerpt":{"rendered":"<p>news<\/p>","protected":false},"author":4,"featured_media":0,"parent":0,"menu_order":0,"comment_status":"closed","ping_status":"closed","template":"","meta":{"_acf_changed":false,"footnotes":""},"class_list":["post-1631","page","type-page","status-publish","hentry"],"acf":[],"_links":{"self":[{"href":"https:\/\/julmaroh.com\/en\/wp-json\/wp\/v2\/pages\/1631","targetHints":{"allow":["GET"]}}],"collection":[{"href":"https:\/\/julmaroh.com\/en\/wp-json\/wp\/v2\/pages"}],"about":[{"href":"https:\/\/julmaroh.com\/en\/wp-json\/wp\/v2\/types\/page"}],"author":[{"embeddable":true,"href":"https:\/\/julmaroh.com\/en\/wp-json\/wp\/v2\/users\/4"}],"replies":[{"embeddable":true,"href":"https:\/\/julmaroh.com\/en\/wp-json\/wp\/v2\/comments?post=1631"}],"version-history":[{"count":0,"href":"https:\/\/julmaroh.com\/en\/wp-json\/wp\/v2\/pages\/1631\/revisions"}],"wp:attachment":[{"href":"https:\/\/julmaroh.com\/en\/wp-json\/wp\/v2\/media?parent=1631"}],"curies":[{"name":"wp","href":"https:\/\/api.w.org\/{rel}","templated":true}]}}