{"id":1637,"date":"2023-05-16T19:10:52","date_gmt":"2023-05-16T17:10:52","guid":{"rendered":"https:\/\/julmaroh.com\/?page_id=1637"},"modified":"2025-06-09T22:59:36","modified_gmt":"2025-06-09T20:59:36","slug":"contact","status":"publish","type":"page","link":"https:\/\/julmaroh.com\/en\/contact\/","title":{"rendered":"contact"},"content":{"rendered":"\t\t<div data-elementor-type=\"wp-page\" data-elementor-id=\"1637\" class=\"elementor elementor-1637\" data-elementor-post-type=\"page\">\n\t\t\t\t<div class=\"elementor-element elementor-element-ffe9720 e-flex e-con-boxed e-con e-parent\" data-id=\"ffe9720\" data-element_type=\"container\" data-e-type=\"container\">\n\t\t\t\t\t<div class=\"e-con-inner\">\n\t\t<div class=\"elementor-element elementor-element-e100704 e-flex e-con-boxed e-con e-child\" data-id=\"e100704\" data-element_type=\"container\" data-e-type=\"container\">\n\t\t\t\t\t<div class=\"e-con-inner\">\n\t\t\t\t<div class=\"elementor-element elementor-element-a7ddff7 elementor-widget elementor-widget-heading\" data-id=\"a7ddff7\" data-element_type=\"widget\" data-e-type=\"widget\" data-widget_type=\"heading.default\">\n\t\t\t\t<div class=\"elementor-widget-container\">\n\t\t\t\t\t<h2 class=\"elementor-heading-title elementor-size-default\">contact<\/h2>\t\t\t\t<\/div>\n\t\t\t\t<\/div>\n\t\t\t\t<div class=\"elementor-element elementor-element-d8411a0 elementor-invisible elementor-widget elementor-widget-text-editor\" data-id=\"d8411a0\" data-element_type=\"widget\" data-e-type=\"widget\" data-settings=\"{&quot;_animation&quot;:&quot;fadeInUp&quot;}\" data-widget_type=\"text-editor.default\">\n\t\t\t\t<div class=\"elementor-widget-container\">\n\t\t\t\t\t\t\t\t\t<h3><strong><span style=\"text-decoration: underline;\">Merci de lire les questions et r\u00e9ponses avant de poser une question.<\/span><\/strong><\/h3><p>\u00a0<\/p><h4><strong>Peut-on utiliser les images de votre site web ?<\/strong><\/h4><p>Pas sans mon accord. Veuillez remplir le formulaire ci-dessous pour obtenir une autorisation.<\/p><h4><strong>Acceptez-vous des commandes ?<\/strong><\/h4><p>Oui, si mon emploi du temps le permet. J&rsquo;accepte des commandes pour des journaux, des magazines, des affiches d&rsquo;\u00e9v\u00e9nements, des couvertures de livres, des affiches de films, des sc\u00e9narios et des dessins de films, mais seulement si c&rsquo;est r\u00e9mun\u00e9r\u00e9 \u00e9quitablement.<\/p><p>Mes occupations militantes me laissent tr\u00e8s peu de temps pour r\u00e9pondre aux demandes externes de b\u00e9n\u00e9volat. En tant qu&rsquo;artiste, et en tant que personne transgenre, dans ce patriarcat capitaliste, je suis directement impact\u00e9 par des soucis de pr\u00e9carit\u00e9 et d&rsquo;exclusion.<\/p><h4><strong>Acceptez-vous des collaborations sur des romans graphiques ou longs projets ?<\/strong><\/h4><p>Pas pour le moment.<\/p><h4><strong>\u00cates-vous disponible pour des \u00e9v\u00e9nements publics ?<\/strong><\/h4><p>Selon les p\u00e9riodes, oui. Vous pouvez me contacter via le formulaire ci-dessous si vous souhaitez que je participe \u00e0 un \u00e9v\u00e9nement public, et si je suis r\u00e9mun\u00e9r\u00e9 pour mon travail.<\/p><p>En tant qu&rsquo;artiste et activiste queer, j&rsquo;ai l&rsquo;habitude de participer \u00e0 des s\u00e9ances de d\u00e9dicaces, des expositions d&rsquo;art, des conf\u00e9rences, des ateliers, des rencontres \u00e9ducatives.<\/p><p>Veuillez prendre en compte le fait que je ne fais plus de repr\u00e9sentations sp\u00e9cifiques autour de Le bleu est la couleur la plus chaude.<\/p><h4><strong>Puis-je avoir une d\u00e9dicace ou un dessin dans mon livre si je vous l&rsquo;envoie ?<\/strong><\/h4><p>Non, je suis d\u00e9sol\u00e9.<\/p><p>Je ne signe des livres que lors d&rsquo;\u00e9v\u00e9nements professionnels d\u00e9di\u00e9s \u00e0 ce genre de choses. <span style=\"text-decoration: underline;\"><a href=\"https:\/\/www.instagram.com\/julmaroh\/\" target=\"_blank\" rel=\"noopener\">Sur ma page Instagram<\/a><\/span>, j&rsquo;indique toujours aux lecteurs quels seront les prochains \u00e9v\u00e9nements auxquels je participerai.<\/p><h4><strong>Quand sortira votre prochain livre ?<\/strong><\/h4><p>Le meilleur moyen de suivre mes mises \u00e0 jour est de <span style=\"text-decoration: underline;\"><a href=\"https:\/\/instagram.us9.list-manage.com\/subscribe?u=6d19a1549fd2b7360c0662203&amp;id=e6f083ac5a\" target=\"_blank\" rel=\"noopener\">s&rsquo;abonner \u00e0 ma newsletter<\/a><\/span>.<\/p><h4><strong>Qu&rsquo;avez-vous pens\u00e9 de l&rsquo;adaptation cin\u00e9matographique du Bleu est une couleur chaude ?<\/strong><\/h4><p>Je n&rsquo;ai fait qu&rsquo;une seule d\u00e9claration \u00e0 propos du film, qui a \u00e9t\u00e9 publi\u00e9e \u00e0 l&rsquo;origine sur mon pr\u00e9c\u00e9dent site web. Elle peut \u00e9galement \u00eatre lue <span style=\"text-decoration: underline;\"><a href=\"http:\/\/www.barbieturix.com\/2013\/05\/27\/le-bleu-dadele-tribune-de-julie-maroh\/\" target=\"_blank\" rel=\"noopener\">sur ce magazine<\/a><\/span>.<\/p><p>La version anglaise, datant elle aussi du mois de mai 2013 est accessible <span style=\"text-decoration: underline;\"><a href=\"https:\/\/julmaroh.com\/wp-content\/uploads\/2023\/06\/Adele_blue.pdf\" target=\"_blank\" rel=\"noopener\">\u00e0 ce lien<\/a><\/span>.<\/p><h4><strong>Quelles sont les conditions de remboursement ou d&rsquo;\u00e9change pour les produits vendus sur le site ?<\/strong><\/h4><p>Tout est expliqu\u00e9 sur la page d\u00e9di\u00e9e \u00e0 cet effet, accessible depuis votre panier d&rsquo;achat, ou directement <span style=\"text-decoration: underline;\"><a href=\"https:\/\/julmaroh.com\/remboursements_retours\/\">\u00e0 ce lien<\/a><\/span>.<\/p><h4><strong>Comment les gens peuvent-ils vous contacter ?<\/strong><\/h4><p>Par le biais du formulaire ci-dessous uniquement, merci !<\/p><p><strong><span style=\"color: #cf6d6d;\">Veuillez comprendre que je travaille sur plusieurs fronts en m\u00eame temps, que je suis lent \u00e0 r\u00e9pondre, et que ce Q&amp;R peut d\u00e9j\u00e0 r\u00e9pondre \u00e0 votre demande.<\/span><\/strong><\/p>\t\t\t\t\t\t\t\t<\/div>\n\t\t\t\t<\/div>\n\t\t\t\t\t<\/div>\n\t\t\t\t<\/div>\n\t\t<div class=\"elementor-element elementor-element-4c8ed96 e-flex e-con-boxed e-con e-child\" data-id=\"4c8ed96\" data-element_type=\"container\" data-e-type=\"container\">\n\t\t\t\t\t<div class=\"e-con-inner\">\n\t\t\t\t<div class=\"elementor-element elementor-element-2ff44ef elementor-widget elementor-widget-heading\" data-id=\"2ff44ef\" data-element_type=\"widget\" data-e-type=\"widget\" data-widget_type=\"heading.default\">\n\t\t\t\t<div class=\"elementor-widget-container\">\n\t\t\t\t\t<h2 class=\"elementor-heading-title elementor-size-default\">Get In touch<\/h2>\t\t\t\t<\/div>\n\t\t\t\t<\/div>\n\t\t\t\t<div class=\"elementor-element elementor-element-1cfcbea elementor-button-align-start elementor-widget elementor-widget-form\" data-id=\"1cfcbea\" data-element_type=\"widget\" data-e-type=\"widget\" data-settings=\"{&quot;step_next_label&quot;:&quot;Suivant&quot;,&quot;step_previous_label&quot;:&quot;Pr\\u00e9c\\u00e9dent&quot;,&quot;button_width&quot;:&quot;100&quot;,&quot;step_type&quot;:&quot;number_text&quot;,&quot;step_icon_shape&quot;:&quot;circle&quot;}\" data-widget_type=\"form.default\">\n\t\t\t\t<div class=\"elementor-widget-container\">\n\t\t\t\t\t\t\t<form class=\"elementor-form\" method=\"post\" name=\"Nouveau formulaire\" aria-label=\"Nouveau formulaire\">\n\t\t\t<input type=\"hidden\" name=\"post_id\" value=\"1637\"\/>\n\t\t\t<input type=\"hidden\" name=\"form_id\" value=\"1cfcbea\"\/>\n\t\t\t<input type=\"hidden\" name=\"referer_title\" value=\"contact\" \/>\n\n\t\t\t\t\t\t\t<input type=\"hidden\" name=\"queried_id\" value=\"1637\"\/>\n\t\t\t\n\t\t\t<div class=\"elementor-form-fields-wrapper elementor-labels-\">\n\t\t\t\t\t\t\t\t<div class=\"elementor-field-type-text elementor-field-group elementor-column elementor-field-group-name elementor-col-50\">\n\t\t\t\t\t\t\t\t\t\t\t\t<label for=\"form-field-name\" class=\"elementor-field-label elementor-screen-only\">\n\t\t\t\t\t\t\t\tNom\t\t\t\t\t\t\t<\/label>\n\t\t\t\t\t\t\t\t\t\t\t\t\t\t<input size=\"1\" type=\"text\" name=\"form_fields[name]\" id=\"form-field-name\" class=\"elementor-field elementor-size-sm  elementor-field-textual\" placeholder=\"Name\">\n\t\t\t\t\t\t\t\t\t\t\t<\/div>\n\t\t\t\t\t\t\t\t<div class=\"elementor-field-type-email elementor-field-group elementor-column elementor-field-group-email elementor-col-50 elementor-field-required\">\n\t\t\t\t\t\t\t\t\t\t\t\t<label for=\"form-field-email\" class=\"elementor-field-label elementor-screen-only\">\n\t\t\t\t\t\t\t\tEmail\t\t\t\t\t\t\t<\/label>\n\t\t\t\t\t\t\t\t\t\t\t\t\t\t<input size=\"1\" type=\"email\" name=\"form_fields[email]\" id=\"form-field-email\" class=\"elementor-field elementor-size-sm  elementor-field-textual\" placeholder=\"Email\" required=\"required\">\n\t\t\t\t\t\t\t\t\t\t\t<\/div>\n\t\t\t\t\t\t\t\t<div class=\"elementor-field-type-textarea elementor-field-group elementor-column elementor-field-group-message elementor-col-100\">\n\t\t\t\t\t\t\t\t\t\t\t\t<label for=\"form-field-message\" class=\"elementor-field-label elementor-screen-only\">\n\t\t\t\t\t\t\t\tMessage\t\t\t\t\t\t\t<\/label>\n\t\t\t\t\t\t<textarea class=\"elementor-field-textual elementor-field  elementor-size-sm\" name=\"form_fields[message]\" id=\"form-field-message\" rows=\"4\" placeholder=\"Message\"><\/textarea>\t\t\t\t<\/div>\n\t\t\t\t\t\t\t\t<div class=\"elementor-field-type-recaptcha_v3 elementor-field-group elementor-column elementor-field-group-field_6303932 elementor-col-100 recaptcha_v3-bottomright\">\n\t\t\t\t\t<div class=\"elementor-field\" id=\"form-field-field_6303932\"><div class=\"elementor-g-recaptcha\" data-sitekey=\"6LeBYmwjAAAAANzGiCc-yUgQBYO_yRuiTzM8YulF\" data-type=\"v3\" data-action=\"Form\" data-badge=\"bottomright\" data-size=\"invisible\"><\/div><\/div>\t\t\t\t<\/div>\n\t\t\t\t\t\t\t\t<div class=\"elementor-field-group elementor-column elementor-field-type-submit elementor-col-100 e-form__buttons\">\n\t\t\t\t\t<button class=\"elementor-button elementor-size-sm\" type=\"submit\">\n\t\t\t\t\t\t<span class=\"elementor-button-content-wrapper\">\n\t\t\t\t\t\t\t\t\t\t\t\t\t\t\t\t\t\t\t\t\t\t<span class=\"elementor-button-text\">Send message<\/span>\n\t\t\t\t\t\t\t\t\t\t\t\t\t<\/span>\n\t\t\t\t\t<\/button>\n\t\t\t\t<\/div>\n\t\t\t<\/div>\n\t\t<\/form>\n\t\t\t\t\t\t<\/div>\n\t\t\t\t<\/div>\n\t\t\t\t\t<\/div>\n\t\t\t\t<\/div>\n\t\t\t\t\t<\/div>\n\t\t\t\t<\/div>\n\t\t\t\t<\/div>\n\t\t","protected":false},"excerpt":{"rendered":"<p>contact Merci de lire les questions et r\u00e9ponses avant de poser une question. \u00a0 Peut-on utiliser les images de votre site web ? Pas sans mon accord. Veuillez remplir le formulaire ci-dessous pour obtenir une autorisation. Acceptez-vous des commandes ? Oui, si mon emploi du temps le permet. J&rsquo;accepte des commandes pour des journaux, des [&hellip;]<\/p>\n","protected":false},"author":4,"featured_media":0,"parent":0,"menu_order":0,"comment_status":"closed","ping_status":"closed","template":"","meta":{"_acf_changed":false,"footnotes":""},"class_list":["post-1637","page","type-page","status-publish","hentry"],"acf":[],"_links":{"self":[{"href":"https:\/\/julmaroh.com\/en\/wp-json\/wp\/v2\/pages\/1637","targetHints":{"allow":["GET"]}}],"collection":[{"href":"https:\/\/julmaroh.com\/en\/wp-json\/wp\/v2\/pages"}],"about":[{"href":"https:\/\/julmaroh.com\/en\/wp-json\/wp\/v2\/types\/page"}],"author":[{"embeddable":true,"href":"https:\/\/julmaroh.com\/en\/wp-json\/wp\/v2\/users\/4"}],"replies":[{"embeddable":true,"href":"https:\/\/julmaroh.com\/en\/wp-json\/wp\/v2\/comments?post=1637"}],"version-history":[{"count":7,"href":"https:\/\/julmaroh.com\/en\/wp-json\/wp\/v2\/pages\/1637\/revisions"}],"predecessor-version":[{"id":2883,"href":"https:\/\/julmaroh.com\/en\/wp-json\/wp\/v2\/pages\/1637\/revisions\/2883"}],"wp:attachment":[{"href":"https:\/\/julmaroh.com\/en\/wp-json\/wp\/v2\/media?parent=1637"}],"curies":[{"name":"wp","href":"https:\/\/api.w.org\/{rel}","templated":true}]}}