{"id":1639,"date":"2023-05-16T19:10:59","date_gmt":"2023-05-16T17:10:59","guid":{"rendered":"https:\/\/julmaroh.com\/?page_id=1639"},"modified":"2026-02-27T16:47:22","modified_gmt":"2026-02-27T14:47:22","slug":"bio","status":"publish","type":"page","link":"https:\/\/julmaroh.com\/en\/bio\/","title":{"rendered":"bio"},"content":{"rendered":"<div data-elementor-type=\"wp-page\" data-elementor-id=\"1639\" class=\"elementor elementor-1639\" data-elementor-post-type=\"page\">\n\t\t\t\t<div class=\"elementor-element elementor-element-5a5ee83 e-flex e-con-boxed e-con e-parent\" data-id=\"5a5ee83\" data-element_type=\"container\" data-e-type=\"container\">\n\t\t\t\t\t<div class=\"e-con-inner\">\n\t\t<div class=\"elementor-element elementor-element-0b7a4c9 e-con-full e-flex e-con e-child\" data-id=\"0b7a4c9\" data-element_type=\"container\" data-e-type=\"container\">\n\t\t\t\t<div class=\"elementor-element elementor-element-549bf92 elementor-widget elementor-widget-heading\" data-id=\"549bf92\" data-element_type=\"widget\" data-e-type=\"widget\" data-widget_type=\"heading.default\">\n\t\t\t\t<div class=\"elementor-widget-container\">\n\t\t\t\t\t<h2 class=\"elementor-heading-title elementor-size-default\">bio<\/h2>\t\t\t\t<\/div>\n\t\t\t\t<\/div>\n\t\t\t\t<div class=\"elementor-element elementor-element-2d24022 elementor-invisible elementor-widget elementor-widget-text-editor\" data-id=\"2d24022\" data-element_type=\"widget\" data-e-type=\"widget\" data-settings=\"{&quot;_animation&quot;:&quot;fadeInUp&quot;}\" data-widget_type=\"text-editor.default\">\n\t\t\t\t<div class=\"elementor-widget-container\">\n\t\t\t\t\t\t\t\t\t<p>Auteur de bande dessin\u00e9e et artiste visuel multidisciplinaire, Jul Maroh pratique diff\u00e9rents m\u00e9diums graphiques et narratifs, pour questionner le no man\u2019s land qui existe entre l\u2019intime et le collectif. Son travail explore les intimit\u00e9s modernes et les probl\u00e9matiques sociales du monde actuel.<\/p><p>Apr\u00e8s des \u00e9tudes \u00e0 l\u2019Ecole Sup\u00e9rieure des Arts de St Luc ainsi qu\u2019\u00e0 l\u2019Acad\u00e9mie Royale des Beaux-Arts de Bruxelles, sa premi\u00e8re bande dessin\u00e9e <em>Blue Is The Warmest Color<\/em> para\u00eet en 2010. Ce livre re\u00e7oit divers prix et se voit adapt\u00e9 au cin\u00e9ma sous le titre <em>La Vie d\u2019Ad\u00e8le<\/em> (Palme d\u2019Or \u00e0 Cannes 2013). Il est traduit en une dizaine de langues.<br \/>Jul Maroh then published several graphic novels, such as <em>You brought me the ocean <\/em>for DC Comics, and their two most recent books <em>Hacker la peau<\/em>, and <em>Boutonn\u00e9 en jalousie<\/em> aux \u00e9ditions Le Lombard.<\/p><p>En parall\u00e8le de la bande dessin\u00e9e, en 2014 iel obtient carte blanche par le CAPC de Bordeaux pour y cr\u00e9er la narration spatiale intitul\u00e9e <em>Procession<\/em>. Sa r\u00e9sidence \u00e0 la Cit\u00e9 Internationale des Arts de Paris (2022-2023), pour laquelle iel \u00e9tait laur\u00e9at de la Fondation Carasso, lui permet de continuer son exploration plastique et spatiale \u00e0 travers sa s\u00e9rie de grands portraits sur bois \u00e0 la feuille d\u2019or, intitul\u00e9e <em>R\u00e9silience trans<\/em>. Cette s\u00e9rie obtient son premier solo show au festival culturel international Gender Bender, en Italie en 2024.<\/p><p>Habitu\u00e9 des r\u00e9sidences d\u2019\u00e9criture et des interventions culturelles et scolaires, Jul Maroh a collabor\u00e9 avec diverses structures en France et \u00e0 l\u2019\u00e9tranger, notamment : la Maison des \u00e9critures de la Rochelle, la Maison des Auteurs et l\u2019\u00e9cole Europ\u00e9enne Sup\u00e9rieure de l\u2019Image d\u2019Angoul\u00eame, le mus\u00e9e Tomi Ungerer de Strasbourg, la Bourse du Commerce de Paris, le CAC de Br\u00e9tigny, le Th\u00e9\u00e2tre de la Croix-Rousse \u00e0 Lyon, l\u2019Institut Fran\u00e7ais \u00e0 Londres, Florence, Vienne et Rio de Janeiro, le congr\u00e8s universitaire Unicomic d\u2019Espagne, le Feminist Book Fort de Venise, le California College of the Arts de San Francisco&#8230;<\/p>\t\t\t\t\t\t\t\t<\/div>\n\t\t\t\t<\/div>\n\t\t\t\t<div class=\"elementor-element elementor-element-6a38950 elementor-invisible elementor-widget elementor-widget-image\" data-id=\"6a38950\" data-element_type=\"widget\" data-e-type=\"widget\" data-settings=\"{&quot;_animation&quot;:&quot;fadeInUp&quot;}\" data-widget_type=\"image.default\">\n\t\t\t\t<div class=\"elementor-widget-container\">\n\t\t\t\t\t\t\t\t\t\t\t\t\t\t\t<img fetchpriority=\"high\" decoding=\"async\" width=\"768\" height=\"1024\" src=\"https:\/\/julmaroh.com\/wp-content\/uploads\/2022\/09\/sagittarius-768x1024.jpg\" class=\"attachment-large size-large wp-image-1693\" alt=\"\" srcset=\"https:\/\/julmaroh.com\/wp-content\/uploads\/2022\/09\/sagittarius-768x1024.jpg 768w, https:\/\/julmaroh.com\/wp-content\/uploads\/2022\/09\/sagittarius-600x800.jpg 600w, https:\/\/julmaroh.com\/wp-content\/uploads\/2022\/09\/sagittarius-225x300.jpg 225w, https:\/\/julmaroh.com\/wp-content\/uploads\/2022\/09\/sagittarius-1152x1536.jpg 1152w, https:\/\/julmaroh.com\/wp-content\/uploads\/2022\/09\/sagittarius.jpg 1500w\" sizes=\"(max-width: 768px) 100vw, 768px\" \/>\t\t\t\t\t\t\t\t\t\t\t\t\t\t\t<\/div>\n\t\t\t\t<\/div>\n\t\t\t\t<\/div>\n\t\t<div class=\"elementor-element elementor-element-ef00c16 e-con-full e-flex elementor-invisible e-con e-child\" data-id=\"ef00c16\" data-element_type=\"container\" data-e-type=\"container\" data-settings=\"{&quot;animation&quot;:&quot;fadeInRight&quot;}\">\n\t\t\t\t<div class=\"elementor-element elementor-element-9e3ab71 elementor-widget__width-auto elementor-absolute elementor-view-default elementor-widget elementor-widget-icon\" data-id=\"9e3ab71\" data-element_type=\"widget\" data-e-type=\"widget\" data-settings=\"{&quot;_position&quot;:&quot;absolute&quot;,&quot;motion_fx_motion_fx_mouse&quot;:&quot;yes&quot;,&quot;motion_fx_mouseTrack_effect&quot;:&quot;yes&quot;,&quot;motion_fx_mouseTrack_speed&quot;:{&quot;unit&quot;:&quot;px&quot;,&quot;size&quot;:0.6,&quot;sizes&quot;:[]}}\" data-widget_type=\"icon.default\">\n\t\t\t\t<div class=\"elementor-widget-container\">\n\t\t\t\t\t\t\t<div class=\"elementor-icon-wrapper\">\n\t\t\t<div class=\"elementor-icon\">\n\t\t\t<i aria-hidden=\"true\" class=\"fas fa-square-full\"><\/i>\t\t\t<\/div>\n\t\t<\/div>\n\t\t\t\t\t\t<\/div>\n\t\t\t\t<\/div>\n\t\t\t\t<div class=\"elementor-element elementor-element-a6ed9f5 elementor-absolute elementor-widget elementor-widget-image\" data-id=\"a6ed9f5\" data-element_type=\"widget\" data-e-type=\"widget\" data-settings=\"{&quot;_position&quot;:&quot;absolute&quot;}\" data-widget_type=\"image.default\">\n\t\t\t\t<div class=\"elementor-widget-container\">\n\t\t\t\t\t\t\t\t\t\t\t\t\t\t\t<img decoding=\"async\" width=\"540\" height=\"540\" src=\"https:\/\/julmaroh.com\/wp-content\/uploads\/2023\/05\/maroh_photo.png\" class=\"attachment-large size-large wp-image-1825\" alt=\"\" srcset=\"https:\/\/julmaroh.com\/wp-content\/uploads\/2023\/05\/maroh_photo.png 540w, https:\/\/julmaroh.com\/wp-content\/uploads\/2023\/05\/maroh_photo-300x300.png 300w, https:\/\/julmaroh.com\/wp-content\/uploads\/2023\/05\/maroh_photo-100x100.png 100w, https:\/\/julmaroh.com\/wp-content\/uploads\/2023\/05\/maroh_photo-150x150.png 150w\" sizes=\"(max-width: 540px) 100vw, 540px\" \/>\t\t\t\t\t\t\t\t\t\t\t\t\t\t\t<\/div>\n\t\t\t\t<\/div>\n\t\t\t\t<div class=\"elementor-element elementor-element-55e7a06 elementor-widget__width-auto elementor-absolute elementor-view-default elementor-widget elementor-widget-icon\" data-id=\"55e7a06\" data-element_type=\"widget\" data-e-type=\"widget\" data-settings=\"{&quot;_position&quot;:&quot;absolute&quot;,&quot;motion_fx_motion_fx_mouse&quot;:&quot;yes&quot;,&quot;motion_fx_mouseTrack_effect&quot;:&quot;yes&quot;,&quot;motion_fx_mouseTrack_direction&quot;:&quot;negative&quot;,&quot;motion_fx_mouseTrack_speed&quot;:{&quot;unit&quot;:&quot;px&quot;,&quot;size&quot;:0.4,&quot;sizes&quot;:[]}}\" data-widget_type=\"icon.default\">\n\t\t\t\t<div class=\"elementor-widget-container\">\n\t\t\t\t\t\t\t<div class=\"elementor-icon-wrapper\">\n\t\t\t<div class=\"elementor-icon\">\n\t\t\t<i aria-hidden=\"true\" class=\"fas fa-circle\"><\/i>\t\t\t<\/div>\n\t\t<\/div>\n\t\t\t\t\t\t<\/div>\n\t\t\t\t<\/div>\n\t\t\t\t<div class=\"elementor-element elementor-element-fd66907 elementor-widget__width-auto elementor-absolute elementor-view-default elementor-widget elementor-widget-icon\" data-id=\"fd66907\" data-element_type=\"widget\" data-e-type=\"widget\" data-settings=\"{&quot;_position&quot;:&quot;absolute&quot;,&quot;motion_fx_motion_fx_mouse&quot;:&quot;yes&quot;,&quot;motion_fx_mouseTrack_effect&quot;:&quot;yes&quot;,&quot;motion_fx_mouseTrack_speed&quot;:{&quot;unit&quot;:&quot;px&quot;,&quot;size&quot;:0.2,&quot;sizes&quot;:[]}}\" data-widget_type=\"icon.default\">\n\t\t\t\t<div class=\"elementor-widget-container\">\n\t\t\t\t\t\t\t<div class=\"elementor-icon-wrapper\">\n\t\t\t<div class=\"elementor-icon\">\n\t\t\t<svg xmlns=\"http:\/\/www.w3.org\/2000\/svg\" id=\"ad696dde-2671-4462-9b51-ee0463eb558c\" data-name=\"Layer 1\" viewbox=\"0 0 365 80\"><rect width=\"365\" height=\"80\"><\/rect><\/svg>\t\t\t<\/div>\n\t\t<\/div>\n\t\t\t\t\t\t<\/div>\n\t\t\t\t<\/div>\n\t\t\t\t<div class=\"elementor-element elementor-element-07cf9db elementor-align-center elementor-fixed elementor-icon-list--layout-traditional elementor-list-item-link-full_width elementor-widget elementor-widget-icon-list\" data-id=\"07cf9db\" data-element_type=\"widget\" data-e-type=\"widget\" data-settings=\"{&quot;_position&quot;:&quot;fixed&quot;}\" data-widget_type=\"icon-list.default\">\n\t\t\t\t<div class=\"elementor-widget-container\">\n\t\t\t\t\t\t\t<ul class=\"elementor-icon-list-items\">\n\t\t\t\t\t\t\t<li class=\"elementor-icon-list-item\">\n\t\t\t\t\t\t\t\t\t\t\t<a href=\"https:\/\/www.instagram.com\/julmaroh\/\">\n\n\t\t\t\t\t\t\t\t\t\t\t\t<span class=\"elementor-icon-list-icon\">\n\t\t\t\t\t\t\t<svg xmlns=\"http:\/\/www.w3.org\/2000\/svg\" id=\"a5b66522-2d0b-4d2b-9ca0-25f662c860cf\" data-name=\"Layer 1\" viewbox=\"0 0 26 26\"><g id=\"b72f5698-1c43-4a08-8b57-8ac749a07216\" data-name=\"Page-1\"><g id=\"f731df14-8d9a-4002-8f9a-a848309208fa\" data-name=\"Homepage\"><g id=\"bdfa7f62-b961-47b8-873b-1fb70dc137d1\" data-name=\"Sticky-Social-Icons\"><g id=\"f7176559-406d-4faa-b9a3-f0818c0693ca\" data-name=\"Group-5\"><path id=\"e8aaf532-0893-42c1-aea8-a21edf8137c2\" data-name=\"Fill-1\" d=\"M23.1073,4.3306A1.4446,1.4446,0,1,0,21.663,5.7791a1.45,1.45,0,0,0,1.4443-1.4485ZM13.01,5.7807a7.2151,7.2151,0,1,0,7.208,7.2146A7.2075,7.2075,0,0,0,13.01,5.7807ZM25.9918,13.12c0,1.9159.022,3.8322-.006,5.7476a7.2237,7.2237,0,0,1-5.399,6.8873,6.8057,6.8057,0,0,1-1.7214.2295c-3.9072.0017-7.8149.0427-11.7212-.0132a6.97,6.97,0,0,1-6.27-3.7959,6.7,6.7,0,0,1-.8578-3.3476c-.0046-3.8968-.04-7.794.0115-11.69A6.97,6.97,0,0,1,3.7357.9106a6.867,6.867,0,0,1,3.53-.907c3.8819.001,7.764-.0125,11.6456.0071a6.8893,6.8893,0,0,1,4.5545,1.7279A7.03,7.03,0,0,1,25.8718,5.93a7.7869,7.7869,0,0,1,.1155,1.3339c.012,1.9519.0052,3.904.0052,5.8559Z\" transform=\"translate(0 0)\" style=\"fill-rule:evenodd\"><\/path><path id=\"ae30d5b5-b0cd-4931-87e3-deb52029baa9\" data-name=\"Fill-3\" d=\"M12.9971,8.3571a4.6429,4.6429,0,1,1-4.64,4.6445,4.6422,4.6422,0,0,1,4.64-4.6445\" transform=\"translate(0 0)\" style=\"fill-rule:evenodd\"><\/path><\/g><\/g><\/g><\/g><\/svg>\t\t\t\t\t\t<\/span>\n\t\t\t\t\t\t\t\t\t\t<span class=\"elementor-icon-list-text\"><\/span>\n\t\t\t\t\t\t\t\t\t\t\t<\/a>\n\t\t\t\t\t\t\t\t\t<\/li>\n\t\t\t\t\t\t\t\t<li class=\"elementor-icon-list-item\">\n\t\t\t\t\t\t\t\t\t\t\t<a href=\"https:\/\/linktr.ee\/julmaroh\">\n\n\t\t\t\t\t\t\t\t\t\t\t\t<span class=\"elementor-icon-list-icon\">\n\t\t\t\t\t\t\t<svg xmlns=\"http:\/\/www.w3.org\/2000\/svg\" id=\"a\" viewbox=\"0 0 174.54 213.32\"><path d=\"M159.4,37.09c-11.85,11.3-23.58,22.48-36.26,34.57h51.38c0,9.71,.12,18.96-.21,28.2-.03,.79-2.99,2.09-4.6,2.11-13.83,.17-27.66,.1-41.49,.09-1.45,0-2.89,0-4.15,0,11.47,12.12,22.82,24.12,33.85,35.77-6.33,6.54-12.98,13.41-19.62,20.28-16.65-16.87-33.23-33.67-49.75-50.4-17.62,17.59-34.4,34.35-50.93,50.86-7.43-7.56-14.12-14.36-20.45-20.8,10.59-11.39,21.86-23.51,33.2-35.7-1.7,0-3.93,0-6.17,0-13.16,0-26.33-.08-39.49,.05-3.34,.03-4.81-.87-4.69-4.5,.24-7.16,.25-14.33,0-21.49-.12-3.64,1.33-4.49,4.67-4.46,13.5,.13,27,.04,40.49,.04,1.63,0,3.26,0,6.37,0-12.63-12.05-24.34-23.21-36.03-34.36,7.34-7.03,14.36-13.74,21.45-20.53,10.78,10.3,22.38,21.38,34.17,32.65,0-7.2,0-14.61,0-22.02,0-7.67-.13-15.34,.13-22.99,.05-1.5,1.63-4.19,2.57-4.23C83.28-.1,92.72,.02,102.71,.02V50.51c12.28-11.48,24.24-22.65,35.94-33.59,6.29,6.11,13.18,12.81,20.75,20.17Z\"><\/path><path d=\"M71.37,177.94c0-9.98,.12-19.97-.07-29.95-.07-3.86,1.2-5.35,5.17-5.22,7.31,.24,14.64,.19,21.96,.01,3.53-.09,5.09,.95,5.06,4.78-.14,20.3-.13,40.6,0,60.89,.02,3.68-1.12,4.97-4.88,4.84-7.48-.25-14.98-.26-22.46,.01-3.85,.14-4.88-1.38-4.83-4.93,.14-10.15,.05-20.3,.04-30.45Z\"><\/path><\/svg>\t\t\t\t\t\t<\/span>\n\t\t\t\t\t\t\t\t\t\t<span class=\"elementor-icon-list-text\"><\/span>\n\t\t\t\t\t\t\t\t\t\t\t<\/a>\n\t\t\t\t\t\t\t\t\t<\/li>\n\t\t\t\t\t\t\t\t<li class=\"elementor-icon-list-item\">\n\t\t\t\t\t\t\t\t\t\t\t<a href=\"http:\/\/bdegalite.org\">\n\n\t\t\t\t\t\t\t\t\t\t\t\t<span class=\"elementor-icon-list-icon\">\n\t\t\t\t\t\t\t<svg xmlns=\"http:\/\/www.w3.org\/2000\/svg\" id=\"a\" viewbox=\"0 0 194.19 193.8\"><path d=\"m155.63,0H38.56C17.26,0,0,17.26,0,38.56v72.93c0,21.3,17.26,38.56,38.56,38.56h25.2l-24.92,43.74,85.86-43.74h30.94c21.3,0,38.56-17.26,38.56-38.56V38.56c0-21.3-17.26-38.56-38.56-38.56ZM43.51,36.6h107.18v27.94H43.51v-27.94Zm107.45,78.63H43.23v-25.34h107.73v25.34Z\"><\/path><\/svg>\t\t\t\t\t\t<\/span>\n\t\t\t\t\t\t\t\t\t\t<span class=\"elementor-icon-list-text\"><\/span>\n\t\t\t\t\t\t\t\t\t\t\t<\/a>\n\t\t\t\t\t\t\t\t\t<\/li>\n\t\t\t\t\t\t<\/ul>\n\t\t\t\t\t\t<\/div>\n\t\t\t\t<\/div>\n\t\t\t\t<\/div>\n\t\t\t\t\t<\/div>\n\t\t\t\t<\/div>\n\t\t\t\t<\/div>","protected":false},"excerpt":{"rendered":"<p>bio Auteur de bande dessin\u00e9e et artiste visuel multidisciplinaire, Jul Maroh pratique diff\u00e9rents m\u00e9diums graphiques et narratifs, pour questionner le no man\u2019s land qui existe entre l\u2019intime et le collectif. Son travail explore les intimit\u00e9s modernes et les probl\u00e9matiques sociales du monde actuel. Apr\u00e8s des \u00e9tudes \u00e0 l\u2019Ecole Sup\u00e9rieure des Arts de St Luc ainsi [&hellip;]<\/p>\n","protected":false},"author":4,"featured_media":0,"parent":0,"menu_order":0,"comment_status":"closed","ping_status":"closed","template":"","meta":{"_acf_changed":false,"footnotes":""},"class_list":["post-1639","page","type-page","status-publish","hentry"],"acf":[],"_links":{"self":[{"href":"https:\/\/julmaroh.com\/en\/wp-json\/wp\/v2\/pages\/1639","targetHints":{"allow":["GET"]}}],"collection":[{"href":"https:\/\/julmaroh.com\/en\/wp-json\/wp\/v2\/pages"}],"about":[{"href":"https:\/\/julmaroh.com\/en\/wp-json\/wp\/v2\/types\/page"}],"author":[{"embeddable":true,"href":"https:\/\/julmaroh.com\/en\/wp-json\/wp\/v2\/users\/4"}],"replies":[{"embeddable":true,"href":"https:\/\/julmaroh.com\/en\/wp-json\/wp\/v2\/comments?post=1639"}],"version-history":[{"count":6,"href":"https:\/\/julmaroh.com\/en\/wp-json\/wp\/v2\/pages\/1639\/revisions"}],"predecessor-version":[{"id":3047,"href":"https:\/\/julmaroh.com\/en\/wp-json\/wp\/v2\/pages\/1639\/revisions\/3047"}],"wp:attachment":[{"href":"https:\/\/julmaroh.com\/en\/wp-json\/wp\/v2\/media?parent=1639"}],"curies":[{"name":"wp","href":"https:\/\/api.w.org\/{rel}","templated":true}]}}