{"id":2498,"date":"2023-06-09T10:51:59","date_gmt":"2023-06-09T08:51:59","guid":{"rendered":"https:\/\/julmaroh.com\/?page_id=2498"},"modified":"2023-06-09T10:59:48","modified_gmt":"2023-06-09T08:59:48","slug":"mentions-legales","status":"publish","type":"page","link":"https:\/\/julmaroh.com\/en\/mentions-legales\/","title":{"rendered":"Mentions l\u00e9gales"},"content":{"rendered":"<p>Le site <a href=\"https:\/\/julmaroh.com\/en\/\">julmaroh.com<\/a>\u00a0est \u00e9dit\u00e9 par Jul Maroh<\/p>\n<p>Design by <a href=\"\/en\/&\/#x6d;&#97;&#105;l&#x74;&#x6f;&#58;j&#x61;&#x6e;&#101;pr&#x6f;&#115;&#112;e&#x72;&#x69;&#116;y&#x40;&#x67;&#109;&#97;i&#x6c;&#x2e;&#99;o&#x6d;\">&#106;&#x61;&#110;&#x65;&#112;&#x72;o&#x73;p&#x65;r&#105;&#x74;&#121;&#x40;&#103;&#x6d;&#97;&#x69;l&#x2e;c&#x6f;m<\/a><\/p>\n<h2 class=\"title\">H\u00c9BERGEMENT<\/h2>\n<p>Ce site est h\u00e9berg\u00e9 par la soci\u00e9t\u00e9 OVH : <a href=\"http:\/\/www.ovh.com\/\" target=\"_blank\" rel=\"noopener\">http:\/\/www.ovh.com<\/a><\/p>\n<p>Le nom de domaine est h\u00e9berg\u00e9 par la soci\u00e9t\u00e9 OVH : <a href=\"http:\/\/www.ovh.com arget=\">http:\/\/www.ovh.com<\/a><\/p>\n<p>OVH SAS au capital de 10 069 020 \u20ac RCS Lille M\u00e9tropole 424 761 419 00045<\/p>\n<p>Si\u00e8ge social : 2 rue Kellermann &#8211; 59100 Roubaix &#8211; France.<\/p>\n<p>&nbsp;<\/p>","protected":false},"excerpt":{"rendered":"<p>Le site julmaroh.com\u00a0est \u00e9dit\u00e9 par Jul Maroh Design by &#x6a;&#x61;&#110;e&#x70;&#x72;&#x6f;&#115;p&#x65;&#x72;&#x69;&#116;y&#x40;&#x67;&#x6d;&#97;i&#x6c;&#x2e;&#x63;&#111;m H\u00c9BERGEMENT Ce site est h\u00e9berg\u00e9 par la soci\u00e9t\u00e9 OVH : http:\/\/www.ovh.com Le nom de domaine est h\u00e9berg\u00e9 par la soci\u00e9t\u00e9 OVH : http:\/\/www.ovh.com OVH SAS au capital de 10 069 020 \u20ac RCS Lille M\u00e9tropole 424 761 419 00045 Si\u00e8ge social : 2 rue Kellermann [&hellip;]<\/p>\n","protected":false},"author":2,"featured_media":0,"parent":0,"menu_order":0,"comment_status":"closed","ping_status":"closed","template":"","meta":{"_acf_changed":false,"footnotes":""},"class_list":["post-2498","page","type-page","status-publish","hentry"],"acf":[],"_links":{"self":[{"href":"https:\/\/julmaroh.com\/en\/wp-json\/wp\/v2\/pages\/2498","targetHints":{"allow":["GET"]}}],"collection":[{"href":"https:\/\/julmaroh.com\/en\/wp-json\/wp\/v2\/pages"}],"about":[{"href":"https:\/\/julmaroh.com\/en\/wp-json\/wp\/v2\/types\/page"}],"author":[{"embeddable":true,"href":"https:\/\/julmaroh.com\/en\/wp-json\/wp\/v2\/users\/2"}],"replies":[{"embeddable":true,"href":"https:\/\/julmaroh.com\/en\/wp-json\/wp\/v2\/comments?post=2498"}],"version-history":[{"count":6,"href":"https:\/\/julmaroh.com\/en\/wp-json\/wp\/v2\/pages\/2498\/revisions"}],"predecessor-version":[{"id":2505,"href":"https:\/\/julmaroh.com\/en\/wp-json\/wp\/v2\/pages\/2498\/revisions\/2505"}],"wp:attachment":[{"href":"https:\/\/julmaroh.com\/en\/wp-json\/wp\/v2\/media?parent=2498"}],"curies":[{"name":"wp","href":"https:\/\/api.w.org\/{rel}","templated":true}]}}