{"id":1984,"date":"2023-05-19T06:15:06","date_gmt":"2023-05-19T04:15:06","guid":{"rendered":"https:\/\/julmaroh.com\/?post_type=product&#038;p=1984"},"modified":"2023-06-09T10:02:31","modified_gmt":"2023-06-09T08:02:31","slug":"city-gender","status":"publish","type":"product","link":"https:\/\/julmaroh.com\/en\/product\/city-gender\/","title":{"rendered":"City &#038; Gender"},"content":{"rendered":"<p>Cette \u00e9dition num\u00e9rique rassemble les chapitres de la s\u00e9rie de bandes dessin\u00e9es intitul\u00e9e City &amp; Gender, pr\u00e9c\u00e9demment publi\u00e9e en anglais dans le magazine Big Issue \u00e0 Ta\u00efwan, de novembre 2013 \u00e0 mai 2014.<\/p>\n<p>L&rsquo;espace public n&rsquo;est pas neutre. City &amp; Gender raconte l&rsquo;histoire de plusieurs personnages rencontrant des probl\u00e8mes li\u00e9s au genre dans leur vie quotidienne.<\/p>","protected":false},"excerpt":{"rendered":"<p>Cette \u00e9dition num\u00e9rique rassemble les chapitres de la s\u00e9rie de bandes dessin\u00e9es intitul\u00e9e City &amp; Gender, pr\u00e9c\u00e9demment publi\u00e9e en anglais dans le magazine Big Issue \u00e0 Ta\u00efwan, de novembre 2013 \u00e0 mai 2014. L&rsquo;espace public n&rsquo;est pas neutre. City &amp; Gender raconte l&rsquo;histoire de plusieurs personnages rencontrant des probl\u00e8mes li\u00e9s au genre dans leur vie [&hellip;]<\/p>\n","protected":false},"featured_media":1985,"template":"","meta":{"_acf_changed":false},"product_brand":[],"product_cat":[22],"product_tag":[],"class_list":{"0":"post-1984","1":"product","2":"type-product","3":"status-publish","4":"has-post-thumbnail","6":"product_cat-numeric-books","8":"first","9":"instock","10":"downloadable","11":"virtual","12":"purchasable","13":"product-type-simple"},"acf":[],"_links":{"self":[{"href":"https:\/\/julmaroh.com\/en\/wp-json\/wp\/v2\/product\/1984","targetHints":{"allow":["GET"]}}],"collection":[{"href":"https:\/\/julmaroh.com\/en\/wp-json\/wp\/v2\/product"}],"about":[{"href":"https:\/\/julmaroh.com\/en\/wp-json\/wp\/v2\/types\/product"}],"wp:featuredmedia":[{"embeddable":true,"href":"https:\/\/julmaroh.com\/en\/wp-json\/wp\/v2\/media\/1985"}],"wp:attachment":[{"href":"https:\/\/julmaroh.com\/en\/wp-json\/wp\/v2\/media?parent=1984"}],"wp:term":[{"taxonomy":"product_brand","embeddable":true,"href":"https:\/\/julmaroh.com\/en\/wp-json\/wp\/v2\/product_brand?post=1984"},{"taxonomy":"product_cat","embeddable":true,"href":"https:\/\/julmaroh.com\/en\/wp-json\/wp\/v2\/product_cat?post=1984"},{"taxonomy":"product_tag","embeddable":true,"href":"https:\/\/julmaroh.com\/en\/wp-json\/wp\/v2\/product_tag?post=1984"}],"curies":[{"name":"wp","href":"https:\/\/api.w.org\/{rel}","templated":true}]}}