{"id":2159,"date":"2023-05-23T09:06:56","date_gmt":"2023-05-23T07:06:56","guid":{"rendered":"https:\/\/julmaroh.com\/?post_type=product&#038;p=2159"},"modified":"2023-06-09T16:36:56","modified_gmt":"2023-06-09T14:36:56","slug":"et-je-mabandonne-a-la-transformation","status":"publish","type":"product","link":"https:\/\/julmaroh.com\/en\/product\/et-je-mabandonne-a-la-transformation\/","title":{"rendered":"\u00ab\u00a0Et je m&rsquo;abandonne \u00e0 la transformation\u00a0\u00bb"},"content":{"rendered":"<p>A l&rsquo;int\u00e9rieur de la paume : Pluton &#8211; ancien col\u00e9opt\u00e8re \u00e9gyptien<br \/>\n\u00c0 l&rsquo;ext\u00e9rieur de la main : Lune changeant de phase avec une fl\u00e8che<\/p>","protected":false},"excerpt":{"rendered":"<p>A l&rsquo;int\u00e9rieur de la paume : Pluton &#8211; ancien col\u00e9opt\u00e8re \u00e9gyptien \u00c0 l&rsquo;ext\u00e9rieur de la main : Lune changeant de phase avec une fl\u00e8che<\/p>","protected":false},"featured_media":2160,"template":"","meta":{"_acf_changed":false},"product_brand":[],"product_cat":[28],"product_tag":[],"class_list":{"0":"post-2159","1":"product","2":"type-product","3":"status-publish","4":"has-post-thumbnail","6":"product_cat-talismans","8":"first","9":"instock","10":"shipping-taxable","11":"purchasable","12":"product-type-variable"},"acf":[],"_links":{"self":[{"href":"https:\/\/julmaroh.com\/en\/wp-json\/wp\/v2\/product\/2159","targetHints":{"allow":["GET"]}}],"collection":[{"href":"https:\/\/julmaroh.com\/en\/wp-json\/wp\/v2\/product"}],"about":[{"href":"https:\/\/julmaroh.com\/en\/wp-json\/wp\/v2\/types\/product"}],"wp:featuredmedia":[{"embeddable":true,"href":"https:\/\/julmaroh.com\/en\/wp-json\/wp\/v2\/media\/2160"}],"wp:attachment":[{"href":"https:\/\/julmaroh.com\/en\/wp-json\/wp\/v2\/media?parent=2159"}],"wp:term":[{"taxonomy":"product_brand","embeddable":true,"href":"https:\/\/julmaroh.com\/en\/wp-json\/wp\/v2\/product_brand?post=2159"},{"taxonomy":"product_cat","embeddable":true,"href":"https:\/\/julmaroh.com\/en\/wp-json\/wp\/v2\/product_cat?post=2159"},{"taxonomy":"product_tag","embeddable":true,"href":"https:\/\/julmaroh.com\/en\/wp-json\/wp\/v2\/product_tag?post=2159"}],"curies":[{"name":"wp","href":"https:\/\/api.w.org\/{rel}","templated":true}]}}