{"id":2169,"date":"2023-05-23T09:04:48","date_gmt":"2023-05-23T07:04:48","guid":{"rendered":"https:\/\/julmaroh.com\/?post_type=product&#038;p=2169"},"modified":"2023-06-03T08:33:41","modified_gmt":"2023-06-03T06:33:41","slug":"je-suis-ma-propre-fondation-sur-laquelle-je-peux-mappuyer-car-la-resilience-se-repand-de-tous-les-cotes-en-moi","status":"publish","type":"product","link":"https:\/\/julmaroh.com\/en\/product\/je-suis-ma-propre-fondation-sur-laquelle-je-peux-mappuyer-car-la-resilience-se-repand-de-tous-les-cotes-en-moi\/","title":{"rendered":"\u00ab\u00a0Je suis ma propre fondation sur laquelle je peux m&rsquo;appuyer, car la r\u00e9silience se r\u00e9pand de tous les c\u00f4t\u00e9s en moi.\u00a0\u00bb"},"content":{"rendered":"<p>\u00c0 l&rsquo;int\u00e9rieur de la paume : Symbole de la terre + rune Berkana (croissance) et Jera (r\u00e9colte)<br \/>\n\u00c0 l&rsquo;ext\u00e9rieur de la main : rune Perth (initiation) et Algiz (protection)<\/p>","protected":false},"excerpt":{"rendered":"<p>\u00c0 l&rsquo;int\u00e9rieur de la paume : Symbole de la terre + rune Berkana (croissance) et Jera (r\u00e9colte) \u00c0 l&rsquo;ext\u00e9rieur de la main : rune Perth (initiation) et Algiz (protection)<\/p>","protected":false},"featured_media":2170,"template":"","meta":{"_acf_changed":false},"product_brand":[],"product_cat":[28],"product_tag":[],"class_list":{"0":"post-2169","1":"product","2":"type-product","3":"status-publish","4":"has-post-thumbnail","6":"product_cat-talismans","8":"first","9":"instock","10":"shipping-taxable","11":"purchasable","12":"product-type-simple"},"acf":[],"_links":{"self":[{"href":"https:\/\/julmaroh.com\/en\/wp-json\/wp\/v2\/product\/2169","targetHints":{"allow":["GET"]}}],"collection":[{"href":"https:\/\/julmaroh.com\/en\/wp-json\/wp\/v2\/product"}],"about":[{"href":"https:\/\/julmaroh.com\/en\/wp-json\/wp\/v2\/types\/product"}],"wp:featuredmedia":[{"embeddable":true,"href":"https:\/\/julmaroh.com\/en\/wp-json\/wp\/v2\/media\/2170"}],"wp:attachment":[{"href":"https:\/\/julmaroh.com\/en\/wp-json\/wp\/v2\/media?parent=2169"}],"wp:term":[{"taxonomy":"product_brand","embeddable":true,"href":"https:\/\/julmaroh.com\/en\/wp-json\/wp\/v2\/product_brand?post=2169"},{"taxonomy":"product_cat","embeddable":true,"href":"https:\/\/julmaroh.com\/en\/wp-json\/wp\/v2\/product_cat?post=2169"},{"taxonomy":"product_tag","embeddable":true,"href":"https:\/\/julmaroh.com\/en\/wp-json\/wp\/v2\/product_tag?post=2169"}],"curies":[{"name":"wp","href":"https:\/\/api.w.org\/{rel}","templated":true}]}}