{"id":2171,"date":"2023-05-23T09:02:32","date_gmt":"2023-05-23T07:02:32","guid":{"rendered":"https:\/\/julmaroh.com\/?post_type=product&#038;p=2171"},"modified":"2023-06-20T14:48:38","modified_gmt":"2023-06-20T12:48:38","slug":"guides-de-linterieur-guides-de-lexterieur","status":"publish","type":"product","link":"https:\/\/julmaroh.com\/en\/product\/guides-de-linterieur-guides-de-lexterieur\/","title":{"rendered":"\u00ab\u00a0Guides de l&rsquo;int\u00e9rieur, guides de l&rsquo;ext\u00e9rieur\u00a0\u00bb"},"content":{"rendered":"<p>\u00c0 l&rsquo;int\u00e9rieur de la paume : Helm of Awe en pigment d&rsquo;or + votre propre c\u0153ur d&rsquo;or<br \/>\n\u00c0 l&rsquo;ext\u00e9rieur de la main : Symbole de Mars + rune Eihwaz (d\u00e9fense)<\/p>","protected":false},"excerpt":{"rendered":"<p>\u00c0 l&rsquo;int\u00e9rieur de la paume : Helm of Awe en pigment d&rsquo;or + votre propre c\u0153ur d&rsquo;or \u00c0 l&rsquo;ext\u00e9rieur de la main : Symbole de Mars + rune Eihwaz (d\u00e9fense)<\/p>","protected":false},"featured_media":2172,"template":"","meta":{"_acf_changed":false},"product_brand":[],"product_cat":[28],"product_tag":[],"class_list":{"0":"post-2171","1":"product","2":"type-product","3":"status-publish","4":"has-post-thumbnail","6":"product_cat-talismans","8":"first","9":"instock","10":"shipping-taxable","11":"purchasable","12":"product-type-simple"},"acf":[],"_links":{"self":[{"href":"https:\/\/julmaroh.com\/en\/wp-json\/wp\/v2\/product\/2171","targetHints":{"allow":["GET"]}}],"collection":[{"href":"https:\/\/julmaroh.com\/en\/wp-json\/wp\/v2\/product"}],"about":[{"href":"https:\/\/julmaroh.com\/en\/wp-json\/wp\/v2\/types\/product"}],"wp:featuredmedia":[{"embeddable":true,"href":"https:\/\/julmaroh.com\/en\/wp-json\/wp\/v2\/media\/2172"}],"wp:attachment":[{"href":"https:\/\/julmaroh.com\/en\/wp-json\/wp\/v2\/media?parent=2171"}],"wp:term":[{"taxonomy":"product_brand","embeddable":true,"href":"https:\/\/julmaroh.com\/en\/wp-json\/wp\/v2\/product_brand?post=2171"},{"taxonomy":"product_cat","embeddable":true,"href":"https:\/\/julmaroh.com\/en\/wp-json\/wp\/v2\/product_cat?post=2171"},{"taxonomy":"product_tag","embeddable":true,"href":"https:\/\/julmaroh.com\/en\/wp-json\/wp\/v2\/product_tag?post=2171"}],"curies":[{"name":"wp","href":"https:\/\/api.w.org\/{rel}","templated":true}]}}