{"id":2173,"date":"2023-05-23T09:01:22","date_gmt":"2023-05-23T07:01:22","guid":{"rendered":"https:\/\/julmaroh.com\/?post_type=product&#038;p=2173"},"modified":"2023-06-03T08:35:11","modified_gmt":"2023-06-03T06:35:11","slug":"ma-force-a-de-nombreux-visages-car-je-suis-un-spectre-au-dela-des-polarites","status":"publish","type":"product","link":"https:\/\/julmaroh.com\/en\/product\/ma-force-a-de-nombreux-visages-car-je-suis-un-spectre-au-dela-des-polarites\/","title":{"rendered":"\u00ab\u00a0Ma force a de nombreux visages, car je suis un spectre au-del\u00e0 des polarit\u00e9s.\u00a0\u00bb"},"content":{"rendered":"<p>\u00c0 l&rsquo;int\u00e9rieur de la paume : Symbole du feu + phases changeantes de la lune avec fl\u00e8che<br \/>\n\u00c0 l&rsquo;ext\u00e9rieur de la main : Symbole de l&rsquo;eau + phases changeantes de la lune avec fl\u00e8che<\/p>","protected":false},"excerpt":{"rendered":"<p>\u00c0 l&rsquo;int\u00e9rieur de la paume : Symbole du feu + phases changeantes de la lune avec fl\u00e8che \u00c0 l&rsquo;ext\u00e9rieur de la main : Symbole de l&rsquo;eau + phases changeantes de la lune avec fl\u00e8che<\/p>","protected":false},"featured_media":2174,"template":"","meta":{"_acf_changed":false},"product_brand":[],"product_cat":[28],"product_tag":[],"class_list":{"0":"post-2173","1":"product","2":"type-product","3":"status-publish","4":"has-post-thumbnail","6":"product_cat-talismans","8":"first","9":"instock","10":"shipping-taxable","11":"purchasable","12":"product-type-simple"},"acf":[],"_links":{"self":[{"href":"https:\/\/julmaroh.com\/en\/wp-json\/wp\/v2\/product\/2173","targetHints":{"allow":["GET"]}}],"collection":[{"href":"https:\/\/julmaroh.com\/en\/wp-json\/wp\/v2\/product"}],"about":[{"href":"https:\/\/julmaroh.com\/en\/wp-json\/wp\/v2\/types\/product"}],"wp:featuredmedia":[{"embeddable":true,"href":"https:\/\/julmaroh.com\/en\/wp-json\/wp\/v2\/media\/2174"}],"wp:attachment":[{"href":"https:\/\/julmaroh.com\/en\/wp-json\/wp\/v2\/media?parent=2173"}],"wp:term":[{"taxonomy":"product_brand","embeddable":true,"href":"https:\/\/julmaroh.com\/en\/wp-json\/wp\/v2\/product_brand?post=2173"},{"taxonomy":"product_cat","embeddable":true,"href":"https:\/\/julmaroh.com\/en\/wp-json\/wp\/v2\/product_cat?post=2173"},{"taxonomy":"product_tag","embeddable":true,"href":"https:\/\/julmaroh.com\/en\/wp-json\/wp\/v2\/product_tag?post=2173"}],"curies":[{"name":"wp","href":"https:\/\/api.w.org\/{rel}","templated":true}]}}