{"id":2177,"date":"2023-05-23T08:59:07","date_gmt":"2023-05-23T06:59:07","guid":{"rendered":"https:\/\/julmaroh.com\/?post_type=product&#038;p=2177"},"modified":"2023-06-03T08:36:33","modified_gmt":"2023-06-03T06:36:33","slug":"car-le-cosmos-et-le-divin-vivent-en-moi-car-la-connaissance-ancienne-coule-dans-mes-veines","status":"publish","type":"product","link":"https:\/\/julmaroh.com\/en\/product\/car-le-cosmos-et-le-divin-vivent-en-moi-car-la-connaissance-ancienne-coule-dans-mes-veines\/","title":{"rendered":"\u00ab\u00a0Car le Cosmos et le Divin vivent en moi, car la connaissance ancienne coule dans mes veines\u00a0\u00bb"},"content":{"rendered":"<p>\u00c0 l&rsquo;int\u00e9rieur de la paume : Wedjat (\u0153il de Hors) + Ka et Ankh<br \/>\n\u00c0 l&rsquo;ext\u00e9rieur de la main : fl\u00e8che tenant le Soleil et les phases de la Lune<\/p>","protected":false},"excerpt":{"rendered":"<p>\u00c0 l&rsquo;int\u00e9rieur de la paume : Wedjat (\u0153il de Hors) + Ka et Ankh \u00c0 l&rsquo;ext\u00e9rieur de la main : fl\u00e8che tenant le Soleil et les phases de la Lune<\/p>","protected":false},"featured_media":2178,"template":"","meta":{"_acf_changed":false},"product_brand":[],"product_cat":[28],"product_tag":[],"class_list":{"0":"post-2177","1":"product","2":"type-product","3":"status-publish","4":"has-post-thumbnail","6":"product_cat-talismans","8":"first","9":"instock","10":"shipping-taxable","11":"purchasable","12":"product-type-simple"},"acf":[],"_links":{"self":[{"href":"https:\/\/julmaroh.com\/en\/wp-json\/wp\/v2\/product\/2177","targetHints":{"allow":["GET"]}}],"collection":[{"href":"https:\/\/julmaroh.com\/en\/wp-json\/wp\/v2\/product"}],"about":[{"href":"https:\/\/julmaroh.com\/en\/wp-json\/wp\/v2\/types\/product"}],"wp:featuredmedia":[{"embeddable":true,"href":"https:\/\/julmaroh.com\/en\/wp-json\/wp\/v2\/media\/2178"}],"wp:attachment":[{"href":"https:\/\/julmaroh.com\/en\/wp-json\/wp\/v2\/media?parent=2177"}],"wp:term":[{"taxonomy":"product_brand","embeddable":true,"href":"https:\/\/julmaroh.com\/en\/wp-json\/wp\/v2\/product_brand?post=2177"},{"taxonomy":"product_cat","embeddable":true,"href":"https:\/\/julmaroh.com\/en\/wp-json\/wp\/v2\/product_cat?post=2177"},{"taxonomy":"product_tag","embeddable":true,"href":"https:\/\/julmaroh.com\/en\/wp-json\/wp\/v2\/product_tag?post=2177"}],"curies":[{"name":"wp","href":"https:\/\/api.w.org\/{rel}","templated":true}]}}