{"id":2179,"date":"2023-05-23T08:58:09","date_gmt":"2023-05-23T06:58:09","guid":{"rendered":"https:\/\/julmaroh.com\/?post_type=product&#038;p=2179"},"modified":"2025-01-27T17:34:19","modified_gmt":"2025-01-27T15:34:19","slug":"a-travers-toute-tempete-a-travers-un-pas-dans-linconnu-ma-confiance-et-mon-acceptation-sont-plus-fortes-que-nimporte-quel-doute-ou-peur","status":"publish","type":"product","link":"https:\/\/julmaroh.com\/en\/product\/a-travers-toute-tempete-a-travers-un-pas-dans-linconnu-ma-confiance-et-mon-acceptation-sont-plus-fortes-que-nimporte-quel-doute-ou-peur\/","title":{"rendered":"\u00ab\u00a0A travers toute temp\u00eate, \u00e0 travers un pas dans l&rsquo;inconnu, ma confiance et mon acceptation sont plus fortes que n&rsquo;importe quel doute ou peur.\u00a0\u00bb"},"content":{"rendered":"<p>\u00c0 l&rsquo;int\u00e9rieur de la paume : \u0153il de lumi\u00e8re + Vegvisir<\/p>","protected":false},"excerpt":{"rendered":"<p>\u00c0 l&rsquo;int\u00e9rieur de la paume : \u0153il de lumi\u00e8re + Vegvisir<\/p>","protected":false},"featured_media":2180,"template":"","meta":{"_acf_changed":false},"product_brand":[],"product_cat":[28],"product_tag":[],"class_list":{"0":"post-2179","1":"product","2":"type-product","3":"status-publish","4":"has-post-thumbnail","6":"product_cat-talismans","8":"first","9":"instock","10":"shipping-taxable","11":"purchasable","12":"product-type-simple"},"acf":[],"_links":{"self":[{"href":"https:\/\/julmaroh.com\/en\/wp-json\/wp\/v2\/product\/2179","targetHints":{"allow":["GET"]}}],"collection":[{"href":"https:\/\/julmaroh.com\/en\/wp-json\/wp\/v2\/product"}],"about":[{"href":"https:\/\/julmaroh.com\/en\/wp-json\/wp\/v2\/types\/product"}],"wp:featuredmedia":[{"embeddable":true,"href":"https:\/\/julmaroh.com\/en\/wp-json\/wp\/v2\/media\/2180"}],"wp:attachment":[{"href":"https:\/\/julmaroh.com\/en\/wp-json\/wp\/v2\/media?parent=2179"}],"wp:term":[{"taxonomy":"product_brand","embeddable":true,"href":"https:\/\/julmaroh.com\/en\/wp-json\/wp\/v2\/product_brand?post=2179"},{"taxonomy":"product_cat","embeddable":true,"href":"https:\/\/julmaroh.com\/en\/wp-json\/wp\/v2\/product_cat?post=2179"},{"taxonomy":"product_tag","embeddable":true,"href":"https:\/\/julmaroh.com\/en\/wp-json\/wp\/v2\/product_tag?post=2179"}],"curies":[{"name":"wp","href":"https:\/\/api.w.org\/{rel}","templated":true}]}}