{"id":2181,"date":"2023-05-23T08:57:49","date_gmt":"2023-05-23T06:57:49","guid":{"rendered":"https:\/\/julmaroh.com\/?post_type=product&#038;p=2181"},"modified":"2023-06-03T10:44:46","modified_gmt":"2023-06-03T08:44:46","slug":"om","status":"publish","type":"product","link":"https:\/\/julmaroh.com\/en\/product\/om\/","title":{"rendered":"\u00ab\u00a0Om\u00a0\u00bb"},"content":{"rendered":"<p>\u00c0 l&rsquo;int\u00e9rieur de la paume : \u0152il de Bouddha + Om tib\u00e9tain avec pigment dor\u00e9<br \/>\n\u00c0 l&rsquo;ext\u00e9rieur de la main : N\u0153ud sans fin avec pigment dor\u00e9<\/p>","protected":false},"excerpt":{"rendered":"<p>\u00c0 l&rsquo;int\u00e9rieur de la paume : \u0152il de Bouddha + Om tib\u00e9tain avec pigment dor\u00e9 \u00c0 l&rsquo;ext\u00e9rieur de la main : N\u0153ud sans fin avec pigment dor\u00e9<\/p>","protected":false},"featured_media":2182,"template":"","meta":{"_acf_changed":false},"product_brand":[],"product_cat":[28],"product_tag":[],"class_list":{"0":"post-2181","1":"product","2":"type-product","3":"status-publish","4":"has-post-thumbnail","6":"product_cat-talismans","8":"first","9":"instock","10":"shipping-taxable","11":"purchasable","12":"product-type-simple"},"acf":[],"_links":{"self":[{"href":"https:\/\/julmaroh.com\/en\/wp-json\/wp\/v2\/product\/2181","targetHints":{"allow":["GET"]}}],"collection":[{"href":"https:\/\/julmaroh.com\/en\/wp-json\/wp\/v2\/product"}],"about":[{"href":"https:\/\/julmaroh.com\/en\/wp-json\/wp\/v2\/types\/product"}],"wp:featuredmedia":[{"embeddable":true,"href":"https:\/\/julmaroh.com\/en\/wp-json\/wp\/v2\/media\/2182"}],"wp:attachment":[{"href":"https:\/\/julmaroh.com\/en\/wp-json\/wp\/v2\/media?parent=2181"}],"wp:term":[{"taxonomy":"product_brand","embeddable":true,"href":"https:\/\/julmaroh.com\/en\/wp-json\/wp\/v2\/product_brand?post=2181"},{"taxonomy":"product_cat","embeddable":true,"href":"https:\/\/julmaroh.com\/en\/wp-json\/wp\/v2\/product_cat?post=2181"},{"taxonomy":"product_tag","embeddable":true,"href":"https:\/\/julmaroh.com\/en\/wp-json\/wp\/v2\/product_tag?post=2181"}],"curies":[{"name":"wp","href":"https:\/\/api.w.org\/{rel}","templated":true}]}}