{"id":2592,"date":"2023-12-01T17:30:18","date_gmt":"2023-12-01T15:30:18","guid":{"rendered":"https:\/\/julmaroh.com\/?post_type=product&#038;p=2592"},"modified":"2026-02-12T18:19:27","modified_gmt":"2026-02-12T16:19:27","slug":"dessin-original-emma-le-bleu-est-une-couleur-chaude","status":"publish","type":"product","link":"https:\/\/julmaroh.com\/en\/product\/dessin-original-emma-le-bleu-est-une-couleur-chaude\/","title":{"rendered":"Original illustration of Emma (Blue is the Warmest Color)"},"content":{"rendered":"<p>\u2022 Format : A4 (21X29,7cm)<br \/>\n\u2022 Papier \u00e0 grain 120g<\/p>\n<p><strong>DELIVERY<\/strong><\/p>\n<p>\u2022 Les illustrations sont livr\u00e9es prot\u00e9g\u00e9es et \u00e0 plat dans une enveloppe en carton<\/p>\n<p>\u2022 Livr\u00e9e sans cadre<\/p>\n<p>\u00a9Jul Maroh<\/p>","protected":false},"excerpt":{"rendered":"<p>\u2022 Format : A4 (21X29,7cm) \u2022 Papier \u00e0 grain 120g LIVRAISON \u2022 Les illustrations sont livr\u00e9es prot\u00e9g\u00e9es et \u00e0 plat dans une enveloppe en carton \u2022 Livr\u00e9e sans cadre \u00a9Jul Maroh<\/p>","protected":false},"featured_media":2593,"template":"","meta":{"_acf_changed":false},"product_brand":[],"product_cat":[49],"product_tag":[],"class_list":{"0":"post-2592","1":"product","2":"type-product","3":"status-publish","4":"has-post-thumbnail","6":"product_cat-originaux","8":"first","9":"instock","10":"shipping-taxable","11":"purchasable","12":"product-type-simple"},"acf":[],"_links":{"self":[{"href":"https:\/\/julmaroh.com\/en\/wp-json\/wp\/v2\/product\/2592","targetHints":{"allow":["GET"]}}],"collection":[{"href":"https:\/\/julmaroh.com\/en\/wp-json\/wp\/v2\/product"}],"about":[{"href":"https:\/\/julmaroh.com\/en\/wp-json\/wp\/v2\/types\/product"}],"wp:featuredmedia":[{"embeddable":true,"href":"https:\/\/julmaroh.com\/en\/wp-json\/wp\/v2\/media\/2593"}],"wp:attachment":[{"href":"https:\/\/julmaroh.com\/en\/wp-json\/wp\/v2\/media?parent=2592"}],"wp:term":[{"taxonomy":"product_brand","embeddable":true,"href":"https:\/\/julmaroh.com\/en\/wp-json\/wp\/v2\/product_brand?post=2592"},{"taxonomy":"product_cat","embeddable":true,"href":"https:\/\/julmaroh.com\/en\/wp-json\/wp\/v2\/product_cat?post=2592"},{"taxonomy":"product_tag","embeddable":true,"href":"https:\/\/julmaroh.com\/en\/wp-json\/wp\/v2\/product_tag?post=2592"}],"curies":[{"name":"wp","href":"https:\/\/api.w.org\/{rel}","templated":true}]}}