{"id":2735,"date":"2025-06-10T15:38:43","date_gmt":"2025-06-10T13:38:43","guid":{"rendered":"https:\/\/julmaroh.com\/?post_type=product&#038;p=2735"},"modified":"2025-06-10T16:00:28","modified_gmt":"2025-06-10T14:00:28","slug":"kit-1-boutonne-en-jalousie","status":"publish","type":"product","link":"https:\/\/julmaroh.com\/en\/product\/kit-1-boutonne-en-jalousie\/","title":{"rendered":"KIT 1 &#8211; Boutonn\u00e9 en jalousie"},"content":{"rendered":"<p>Kit n\u00b01 de 4 cartes postales au format A5 (10,4&#215;14,7cm)<\/p>\n<p>Impression couleur brillante avec verso blanc lamin\u00e9<\/p>\n<p>Images tir\u00e9es de la bande dessin\u00e9e \u00ab\u00a0Boutonn\u00e9 en jalousie\u00a0\u00bb<\/p>","protected":false},"excerpt":{"rendered":"<p>Kit n\u00b01 de 4 cartes postales au format A5 (10,4&#215;14,7cm) Impression couleur brillante avec verso blanc lamin\u00e9 Images tir\u00e9es de la bande dessin\u00e9e \u00ab\u00a0Boutonn\u00e9 en jalousie\u00a0\u00bb<\/p>","protected":false},"featured_media":2741,"template":"","meta":{"_acf_changed":false},"product_brand":[],"product_cat":[50],"product_tag":[],"class_list":{"0":"post-2735","1":"product","2":"type-product","3":"status-publish","4":"has-post-thumbnail","6":"product_cat-cartes-postales","8":"first","9":"instock","10":"shipping-taxable","11":"purchasable","12":"product-type-simple"},"acf":[],"_links":{"self":[{"href":"https:\/\/julmaroh.com\/en\/wp-json\/wp\/v2\/product\/2735","targetHints":{"allow":["GET"]}}],"collection":[{"href":"https:\/\/julmaroh.com\/en\/wp-json\/wp\/v2\/product"}],"about":[{"href":"https:\/\/julmaroh.com\/en\/wp-json\/wp\/v2\/types\/product"}],"wp:featuredmedia":[{"embeddable":true,"href":"https:\/\/julmaroh.com\/en\/wp-json\/wp\/v2\/media\/2741"}],"wp:attachment":[{"href":"https:\/\/julmaroh.com\/en\/wp-json\/wp\/v2\/media?parent=2735"}],"wp:term":[{"taxonomy":"product_brand","embeddable":true,"href":"https:\/\/julmaroh.com\/en\/wp-json\/wp\/v2\/product_brand?post=2735"},{"taxonomy":"product_cat","embeddable":true,"href":"https:\/\/julmaroh.com\/en\/wp-json\/wp\/v2\/product_cat?post=2735"},{"taxonomy":"product_tag","embeddable":true,"href":"https:\/\/julmaroh.com\/en\/wp-json\/wp\/v2\/product_tag?post=2735"}],"curies":[{"name":"wp","href":"https:\/\/api.w.org\/{rel}","templated":true}]}}